{"id":101,"date":"2024-02-02T21:13:59","date_gmt":"2024-02-02T21:13:59","guid":{"rendered":"https:\/\/professionalarts.ch\/?page_id=101"},"modified":"2025-04-12T14:12:30","modified_gmt":"2025-04-12T14:12:30","slug":"aquafacial-2","status":"publish","type":"page","link":"https:\/\/professionalarts.ch\/?page_id=101","title":{"rendered":"Aquafacial"},"content":{"rendered":"\t\t<div data-elementor-type=\"wp-page\" data-elementor-id=\"101\" class=\"elementor elementor-101\">\n\t\t\t\t<div class=\"elementor-element elementor-element-818a806 e-flex e-con-boxed e-con e-parent\" data-id=\"818a806\" data-element_type=\"container\" data-e-type=\"container\">\n\t\t\t\t\t<div class=\"e-con-inner\">\n\t\t\t\t<div class=\"elementor-element elementor-element-940f27b elementor-widget elementor-widget-video\" data-id=\"940f27b\" data-element_type=\"widget\" data-e-type=\"widget\" data-settings=\"{&quot;video_type&quot;:&quot;hosted&quot;,&quot;controls&quot;:&quot;yes&quot;}\" data-widget_type=\"video.default\">\n\t\t\t\t<div class=\"elementor-widget-container\">\n\t\t\t\t\t\t\t<div class=\"e-hosted-video elementor-wrapper elementor-open-inline\">\n\t\t\t\t\t<video class=\"elementor-video\" src=\"https:\/\/professionalarts.ch\/wp-content\/uploads\/2024\/08\/Video.mov\" controls=\"\" preload=\"metadata\" controlsList=\"nodownload\"><\/video>\n\t\t\t\t<\/div>\n\t\t\t\t\t\t<\/div>\n\t\t\t\t<\/div>\n\t\t\t\t\t<\/div>\n\t\t\t\t<\/div>\n\t\t<div class=\"elementor-element elementor-element-3174174 e-grid e-con-boxed e-con e-parent\" data-id=\"3174174\" data-element_type=\"container\" data-e-type=\"container\">\n\t\t\t\t\t<div class=\"e-con-inner\">\n\t\t\t\t<div class=\"elementor-element elementor-element-f28046f elementor-widget elementor-widget-wp-widget-text\" data-id=\"f28046f\" data-element_type=\"widget\" data-e-type=\"widget\" data-widget_type=\"wp-widget-text.default\">\n\t\t\t\t<div class=\"elementor-widget-container\">\n\t\t\t\t\t<h5>Gesundheit, Vitalit\u00e4t &#038; Sch\u00f6nheit<\/h5>\t\t\t<div class=\"textwidget\"><p>Die Haut ist oftmals der Spiegel unseres Wohlbefindens und verr\u00e4t deshalb viel \u00fcber unseren Alltag: Alter, Stress Belastung. Ern\u00e4hrung oder auch sonstige Einfl\u00fcsse wie die US-Bestrahlung oder Feuchtigkeitsmangel zeichnen sich &#8211; im wahrsten Sinne des Wortes &#8211; in unserem Hautbild ab. Hautunreinheiten, -Falten oder auch -Krankheiten sind dann mitunter die Folgeerscheinungen.<br \/>\nDoch wir haben die L\u00f6sung: Die innovative Facial-Beauty-Technologie HYDRA4FACE 300 &#8211; mit hochwertigen, eigenproduzierten Behandlungswirkstoffen aus Deutschland, die maximale Behandlungserfolge versprechen.<\/p>\n<\/div>\n\t\t\t\t\t\t<\/div>\n\t\t\t\t<\/div>\n\t\t\t\t<div class=\"elementor-element elementor-element-dc7acf4 elementor-widget elementor-widget-wp-widget-text\" data-id=\"dc7acf4\" data-element_type=\"widget\" data-e-type=\"widget\" data-widget_type=\"wp-widget-text.default\">\n\t\t\t\t<div class=\"elementor-widget-container\">\n\t\t\t\t\t<h5>Liquid &#038; Vakuum<\/h5>\t\t\t<div class=\"textwidget\"><p>\u00dcber speziell konzipierte Dermabrasions-Applikatoren werden zun\u00e4chst die leblosen Hautzellen sanft abgetragen und die Hautporen tiefengereinigt. Anschliessend wird die Haut mit wichtigen Vitaminen, Mineralien, Fruchts\u00e4uren, Antioxidantien &amp; Hyaluron versorgt, die \u00fcber den Applikator aufgetragen werden. Schon unmittelbar nach der Behandlung ist ein verbessertes &amp; samtenes Hautbild erkennbar.<br \/>\nDas HYDRA4FACE 300 bietet dar\u00fcber hinaus die M\u00f6glichkeit, durch verschiedene, zus\u00e4tzliche Technoligen wie unter anderem biologisches Kaltlicht, Radiofrequenz, Bio-Mikrostrom und Oxygen Spray das Ergebnis der Hydra-Dermabrasion noch weiter zu intensivieren.<\/p>\n<\/div>\n\t\t\t\t\t\t<\/div>\n\t\t\t\t<\/div>\n\t\t\t\t\t<\/div>\n\t\t\t\t<\/div>\n\t\t<div class=\"elementor-element elementor-element-a55a789 e-flex e-con-boxed e-con e-parent\" data-id=\"a55a789\" data-element_type=\"container\" data-e-type=\"container\">\n\t\t\t\t\t<div class=\"e-con-inner\">\n\t\t\t\t<div class=\"elementor-element elementor-element-2ba1485 elementor-align-center elementor-widget elementor-widget-button\" data-id=\"2ba1485\" data-element_type=\"widget\" data-e-type=\"widget\" data-widget_type=\"button.default\">\n\t\t\t\t<div class=\"elementor-widget-container\">\n\t\t\t\t\t\t\t\t\t<div class=\"elementor-button-wrapper\">\n\t\t\t\t\t<a class=\"elementor-button elementor-button-link elementor-size-sm\" href=\"https:\/\/www.instagram.com\/professional_art_s\/?igsh=MW01MXQwaGJhanE1MA%3D%3D#\" target=\"_blank\" id=\"cta1\">\n\t\t\t\t\t\t<span class=\"elementor-button-content-wrapper\">\n\t\t\t\t\t\t<span class=\"elementor-button-icon\">\n\t\t\t\t<svg aria-hidden=\"true\" class=\"e-font-icon-svg e-far-calendar-alt\" viewBox=\"0 0 448 512\" xmlns=\"http:\/\/www.w3.org\/2000\/svg\"><path d=\"M148 288h-40c-6.6 0-12-5.4-12-12v-40c0-6.6 5.4-12 12-12h40c6.6 0 12 5.4 12 12v40c0 6.6-5.4 12-12 12zm108-12v-40c0-6.6-5.4-12-12-12h-40c-6.6 0-12 5.4-12 12v40c0 6.6 5.4 12 12 12h40c6.6 0 12-5.4 12-12zm96 0v-40c0-6.6-5.4-12-12-12h-40c-6.6 0-12 5.4-12 12v40c0 6.6 5.4 12 12 12h40c6.6 0 12-5.4 12-12zm-96 96v-40c0-6.6-5.4-12-12-12h-40c-6.6 0-12 5.4-12 12v40c0 6.6 5.4 12 12 12h40c6.6 0 12-5.4 12-12zm-96 0v-40c0-6.6-5.4-12-12-12h-40c-6.6 0-12 5.4-12 12v40c0 6.6 5.4 12 12 12h40c6.6 0 12-5.4 12-12zm192 0v-40c0-6.6-5.4-12-12-12h-40c-6.6 0-12 5.4-12 12v40c0 6.6 5.4 12 12 12h40c6.6 0 12-5.4 12-12zm96-260v352c0 26.5-21.5 48-48 48H48c-26.5 0-48-21.5-48-48V112c0-26.5 21.5-48 48-48h48V12c0-6.6 5.4-12 12-12h40c6.6 0 12 5.4 12 12v52h128V12c0-6.6 5.4-12 12-12h40c6.6 0 12 5.4 12 12v52h48c26.5 0 48 21.5 48 48zm-48 346V160H48v298c0 3.3 2.7 6 6 6h340c3.3 0 6-2.7 6-6z\"><\/path><\/svg>\t\t\t<\/span>\n\t\t\t\t\t\t\t\t\t<span class=\"elementor-button-text\">Jetzt Termin vereinbaren<\/span>\n\t\t\t\t\t<\/span>\n\t\t\t\t\t<\/a>\n\t\t\t\t<\/div>\n\t\t\t\t\t\t\t\t<\/div>\n\t\t\t\t<\/div>\n\t\t\t\t\t<\/div>\n\t\t\t\t<\/div>\n\t\t<div class=\"elementor-element elementor-element-c0c9946 e-flex e-con-boxed e-con e-parent\" data-id=\"c0c9946\" data-element_type=\"container\" data-e-type=\"container\">\n\t\t\t\t\t<div class=\"e-con-inner\">\n\t\t\t\t<div class=\"elementor-element elementor-element-53b612a elementor-widget elementor-widget-heading\" data-id=\"53b612a\" data-element_type=\"widget\" data-e-type=\"widget\" data-widget_type=\"heading.default\">\n\t\t\t\t<div class=\"elementor-widget-container\">\n\t\t\t\t\t<h2 class=\"elementor-heading-title elementor-size-default\">Preise <\/h2>\t\t\t\t<\/div>\n\t\t\t\t<\/div>\n\t\t\t\t\t<\/div>\n\t\t\t\t<\/div>\n\t\t<div class=\"elementor-element elementor-element-fb24113 e-flex e-con-boxed e-con e-parent\" data-id=\"fb24113\" data-element_type=\"container\" data-e-type=\"container\">\n\t\t\t\t\t<div class=\"e-con-inner\">\n\t\t\t\t<div class=\"elementor-element elementor-element-6718bf4 elementor-widget elementor-widget-wp-widget-bsp_pt_widget\" data-id=\"6718bf4\" data-element_type=\"widget\" data-e-type=\"widget\" data-widget_type=\"wp-widget-bsp_pt_widget.default\">\n\t\t\t\t<div class=\"elementor-widget-container\">\n\t\t\t\t\t        \r\n        <div class=\"pricing-tbl-block\">\r\n            <div class=\"pricing-tbl-header\"><h3 class=\"title\">Basic Hydra4Face<\/h3><div class=\"price-wrap\"><sup>CHF<\/sup><span class=\"pricing-tbl-amt\">180<sup>.00<\/sup><\/span><\/div><\/div>        <\/div>\r\n        \t\t\t\t<\/div>\n\t\t\t\t<\/div>\n\t\t\t\t<div class=\"elementor-element elementor-element-b484030 elementor-widget elementor-widget-spacer\" data-id=\"b484030\" data-element_type=\"widget\" data-e-type=\"widget\" data-widget_type=\"spacer.default\">\n\t\t\t\t<div class=\"elementor-widget-container\">\n\t\t\t\t\t\t\t<div class=\"elementor-spacer\">\n\t\t\t<div class=\"elementor-spacer-inner\"><\/div>\n\t\t<\/div>\n\t\t\t\t\t\t<\/div>\n\t\t\t\t<\/div>\n\t\t\t\t<div class=\"elementor-element elementor-element-5771180 elementor-widget elementor-widget-wp-widget-bsp_pt_widget\" data-id=\"5771180\" data-element_type=\"widget\" data-e-type=\"widget\" data-widget_type=\"wp-widget-bsp_pt_widget.default\">\n\t\t\t\t<div class=\"elementor-widget-container\">\n\t\t\t\t\t        \r\n        <div class=\"pricing-tbl-block\">\r\n            <div class=\"pricing-tbl-header\"><h3 class=\"title\">Intense Hydra4Face<\/h3><div class=\"price-wrap\"><sup>CHF<\/sup><span class=\"pricing-tbl-amt\">220<sup>.00<\/sup><\/span><\/div><\/div>        <\/div>\r\n        \t\t\t\t<\/div>\n\t\t\t\t<\/div>\n\t\t\t\t<div class=\"elementor-element elementor-element-1fd7054 elementor-widget elementor-widget-spacer\" data-id=\"1fd7054\" data-element_type=\"widget\" data-e-type=\"widget\" data-widget_type=\"spacer.default\">\n\t\t\t\t<div class=\"elementor-widget-container\">\n\t\t\t\t\t\t\t<div class=\"elementor-spacer\">\n\t\t\t<div class=\"elementor-spacer-inner\"><\/div>\n\t\t<\/div>\n\t\t\t\t\t\t<\/div>\n\t\t\t\t<\/div>\n\t\t\t\t<div class=\"elementor-element elementor-element-505329e elementor-widget elementor-widget-wp-widget-bsp_pt_widget\" data-id=\"505329e\" data-element_type=\"widget\" data-e-type=\"widget\" data-widget_type=\"wp-widget-bsp_pt_widget.default\">\n\t\t\t\t<div class=\"elementor-widget-container\">\n\t\t\t\t\t        \r\n        <div class=\"pricing-tbl-block\">\r\n            <div class=\"pricing-tbl-header\"><h3 class=\"title\">Anti Aging Hydra4Face<\/h3><div class=\"price-wrap\"><sup>CHF<\/sup><span class=\"pricing-tbl-amt\">250<sup>.00<\/sup><\/span><\/div><\/div>        <\/div>\r\n        \t\t\t\t<\/div>\n\t\t\t\t<\/div>\n\t\t\t\t<div class=\"elementor-element elementor-element-9076d8d elementor-widget elementor-widget-spacer\" data-id=\"9076d8d\" data-element_type=\"widget\" data-e-type=\"widget\" data-widget_type=\"spacer.default\">\n\t\t\t\t<div class=\"elementor-widget-container\">\n\t\t\t\t\t\t\t<div class=\"elementor-spacer\">\n\t\t\t<div class=\"elementor-spacer-inner\"><\/div>\n\t\t<\/div>\n\t\t\t\t\t\t<\/div>\n\t\t\t\t<\/div>\n\t\t\t\t<div class=\"elementor-element elementor-element-0327925 elementor-widget elementor-widget-wp-widget-bsp_pt_widget\" data-id=\"0327925\" data-element_type=\"widget\" data-e-type=\"widget\" data-widget_type=\"wp-widget-bsp_pt_widget.default\">\n\t\t\t\t<div class=\"elementor-widget-container\">\n\t\t\t\t\t        \r\n        <div class=\"pricing-tbl-block\">\r\n            <div class=\"pricing-tbl-header\"><h3 class=\"title\">Acne Special Hydra4Face<\/h3><div class=\"price-wrap\"><sup>CHF<\/sup><span class=\"pricing-tbl-amt\">190<sup>.00<\/sup><\/span><\/div><\/div>        <\/div>\r\n        \t\t\t\t<\/div>\n\t\t\t\t<\/div>\n\t\t\t\t<div class=\"elementor-element elementor-element-4756cdb elementor-widget elementor-widget-spacer\" data-id=\"4756cdb\" data-element_type=\"widget\" data-e-type=\"widget\" data-widget_type=\"spacer.default\">\n\t\t\t\t<div class=\"elementor-widget-container\">\n\t\t\t\t\t\t\t<div class=\"elementor-spacer\">\n\t\t\t<div class=\"elementor-spacer-inner\"><\/div>\n\t\t<\/div>\n\t\t\t\t\t\t<\/div>\n\t\t\t\t<\/div>\n\t\t\t\t<div class=\"elementor-element elementor-element-234f77e elementor-widget elementor-widget-wp-widget-bsp_pt_widget\" data-id=\"234f77e\" data-element_type=\"widget\" data-e-type=\"widget\" data-widget_type=\"wp-widget-bsp_pt_widget.default\">\n\t\t\t\t<div class=\"elementor-widget-container\">\n\t\t\t\t\t        \r\n        <div class=\"pricing-tbl-block\">\r\n            <div class=\"pricing-tbl-header\"><h3 class=\"title\">Premium Hydra4Face<\/h3><div class=\"price-wrap\"><sup>CHF<\/sup><span class=\"pricing-tbl-amt\">280<sup>.00<\/sup><\/span><\/div><\/div>        <\/div>\r\n        \t\t\t\t<\/div>\n\t\t\t\t<\/div>\n\t\t\t\t<div class=\"elementor-element elementor-element-0029273 elementor-widget elementor-widget-spacer\" data-id=\"0029273\" data-element_type=\"widget\" data-e-type=\"widget\" data-widget_type=\"spacer.default\">\n\t\t\t\t<div class=\"elementor-widget-container\">\n\t\t\t\t\t\t\t<div class=\"elementor-spacer\">\n\t\t\t<div class=\"elementor-spacer-inner\"><\/div>\n\t\t<\/div>\n\t\t\t\t\t\t<\/div>\n\t\t\t\t<\/div>\n\t\t\t\t<div class=\"elementor-element elementor-element-ccfd186 elementor-widget elementor-widget-wp-widget-bsp_pt_widget\" data-id=\"ccfd186\" data-element_type=\"widget\" data-e-type=\"widget\" data-widget_type=\"wp-widget-bsp_pt_widget.default\">\n\t\t\t\t<div class=\"elementor-widget-container\">\n\t\t\t\t\t        \r\n        <div class=\"pricing-tbl-block\">\r\n            <div class=\"pricing-tbl-header\"><h3 class=\"title\">Mikrodermabrasion<\/h3><div class=\"price-wrap\"><sup>CHF<\/sup><span class=\"pricing-tbl-amt\">190<sup>.00<\/sup><\/span><\/div><\/div>        <\/div>\r\n        \t\t\t\t<\/div>\n\t\t\t\t<\/div>\n\t\t\t\t<div class=\"elementor-element elementor-element-bf0af7c elementor-widget elementor-widget-spacer\" data-id=\"bf0af7c\" data-element_type=\"widget\" data-e-type=\"widget\" data-widget_type=\"spacer.default\">\n\t\t\t\t<div class=\"elementor-widget-container\">\n\t\t\t\t\t\t\t<div class=\"elementor-spacer\">\n\t\t\t<div class=\"elementor-spacer-inner\"><\/div>\n\t\t<\/div>\n\t\t\t\t\t\t<\/div>\n\t\t\t\t<\/div>\n\t\t\t\t<div class=\"elementor-element elementor-element-17a8c5d elementor-widget elementor-widget-wp-widget-bsp_pt_widget\" data-id=\"17a8c5d\" data-element_type=\"widget\" data-e-type=\"widget\" data-widget_type=\"wp-widget-bsp_pt_widget.default\">\n\t\t\t\t<div class=\"elementor-widget-container\">\n\t\t\t\t\t        \r\n        <div class=\"pricing-tbl-block\">\r\n            <div class=\"pricing-tbl-header\"><h3 class=\"title\">Anti Aging Treatment<\/h3><div class=\"price-wrap\"><sup>CHF<\/sup><span class=\"pricing-tbl-amt\">150<sup>.00<\/sup><\/span><\/div><\/div>        <\/div>\r\n        \t\t\t\t<\/div>\n\t\t\t\t<\/div>\n\t\t\t\t\t<\/div>\n\t\t\t\t<\/div>\n\t\t\t\t<\/div>\n\t\t","protected":false},"excerpt":{"rendered":"<p>https:\/\/professionalarts.ch\/wp-content\/uploads\/2024\/08\/Video.mov Jetzt Termin vereinbaren Preise<\/p>\n","protected":false},"author":1,"featured_media":112,"parent":0,"menu_order":0,"comment_status":"closed","ping_status":"closed","template":"","meta":{"footnotes":""},"class_list":["post-101","page","type-page","status-publish","has-post-thumbnail","hentry","latest_post"],"yoast_head":"<!-- This site is optimized with the Yoast SEO plugin v27.4 - https:\/\/yoast.com\/product\/yoast-seo-wordpress\/ -->\n<title>Aquafacial - PROFESSIONAL ART<\/title>\n<meta name=\"robots\" content=\"index, follow, max-snippet:-1, max-image-preview:large, max-video-preview:-1\" \/>\n<link rel=\"canonical\" href=\"https:\/\/professionalarts.ch\/?page_id=101\" \/>\n<meta property=\"og:locale\" content=\"de_DE\" \/>\n<meta property=\"og:type\" content=\"article\" \/>\n<meta property=\"og:title\" content=\"Aquafacial - PROFESSIONAL ART\" \/>\n<meta property=\"og:description\" content=\"https:\/\/professionalarts.ch\/wp-content\/uploads\/2024\/08\/Video.mov Jetzt Termin vereinbaren Preise\" \/>\n<meta property=\"og:url\" content=\"https:\/\/professionalarts.ch\/?page_id=101\" \/>\n<meta property=\"og:site_name\" content=\"PROFESSIONAL ART\" \/>\n<meta property=\"article:modified_time\" content=\"2025-04-12T14:12:30+00:00\" \/>\n<meta property=\"og:image\" content=\"https:\/\/professionalarts.ch\/wp-content\/uploads\/2024\/02\/Liege.jpeg\" \/>\n\t<meta property=\"og:image:width\" content=\"1170\" \/>\n\t<meta property=\"og:image:height\" content=\"871\" \/>\n\t<meta property=\"og:image:type\" content=\"image\/jpeg\" \/>\n<meta name=\"twitter:card\" content=\"summary_large_image\" \/>\n<meta name=\"twitter:label1\" content=\"Gesch\u00e4tzte Lesezeit\" \/>\n\t<meta name=\"twitter:data1\" content=\"2\u00a0Minuten\" \/>\n<script type=\"application\/ld+json\" class=\"yoast-schema-graph\">{\"@context\":\"https:\\\/\\\/schema.org\",\"@graph\":[{\"@type\":\"WebPage\",\"@id\":\"https:\\\/\\\/professionalarts.ch\\\/?page_id=101\",\"url\":\"https:\\\/\\\/professionalarts.ch\\\/?page_id=101\",\"name\":\"Aquafacial - PROFESSIONAL ART\",\"isPartOf\":{\"@id\":\"https:\\\/\\\/professionalarts.ch\\\/#website\"},\"primaryImageOfPage\":{\"@id\":\"https:\\\/\\\/professionalarts.ch\\\/?page_id=101#primaryimage\"},\"image\":{\"@id\":\"https:\\\/\\\/professionalarts.ch\\\/?page_id=101#primaryimage\"},\"thumbnailUrl\":\"https:\\\/\\\/professionalarts.ch\\\/wp-content\\\/uploads\\\/2024\\\/02\\\/Liege.jpeg\",\"datePublished\":\"2024-02-02T21:13:59+00:00\",\"dateModified\":\"2025-04-12T14:12:30+00:00\",\"breadcrumb\":{\"@id\":\"https:\\\/\\\/professionalarts.ch\\\/?page_id=101#breadcrumb\"},\"inLanguage\":\"de\",\"potentialAction\":[{\"@type\":\"ReadAction\",\"target\":[\"https:\\\/\\\/professionalarts.ch\\\/?page_id=101\"]}]},{\"@type\":\"ImageObject\",\"inLanguage\":\"de\",\"@id\":\"https:\\\/\\\/professionalarts.ch\\\/?page_id=101#primaryimage\",\"url\":\"https:\\\/\\\/professionalarts.ch\\\/wp-content\\\/uploads\\\/2024\\\/02\\\/Liege.jpeg\",\"contentUrl\":\"https:\\\/\\\/professionalarts.ch\\\/wp-content\\\/uploads\\\/2024\\\/02\\\/Liege.jpeg\",\"width\":1170,\"height\":871},{\"@type\":\"BreadcrumbList\",\"@id\":\"https:\\\/\\\/professionalarts.ch\\\/?page_id=101#breadcrumb\",\"itemListElement\":[{\"@type\":\"ListItem\",\"position\":1,\"name\":\"Startseite\",\"item\":\"https:\\\/\\\/professionalarts.ch\\\/\"},{\"@type\":\"ListItem\",\"position\":2,\"name\":\"Aquafacial\"}]},{\"@type\":\"WebSite\",\"@id\":\"https:\\\/\\\/professionalarts.ch\\\/#website\",\"url\":\"https:\\\/\\\/professionalarts.ch\\\/\",\"name\":\"PROFESSIONAL ART\",\"description\":\"NAILS, LASHES AND MORE\",\"publisher\":{\"@id\":\"https:\\\/\\\/professionalarts.ch\\\/#organization\"},\"potentialAction\":[{\"@type\":\"SearchAction\",\"target\":{\"@type\":\"EntryPoint\",\"urlTemplate\":\"https:\\\/\\\/professionalarts.ch\\\/?s={search_term_string}\"},\"query-input\":{\"@type\":\"PropertyValueSpecification\",\"valueRequired\":true,\"valueName\":\"search_term_string\"}}],\"inLanguage\":\"de\"},{\"@type\":\"Organization\",\"@id\":\"https:\\\/\\\/professionalarts.ch\\\/#organization\",\"name\":\"PROFESSIONAL ART\",\"url\":\"https:\\\/\\\/professionalarts.ch\\\/\",\"logo\":{\"@type\":\"ImageObject\",\"inLanguage\":\"de\",\"@id\":\"https:\\\/\\\/professionalarts.ch\\\/#\\\/schema\\\/logo\\\/image\\\/\",\"url\":\"https:\\\/\\\/professionalarts.ch\\\/wp-content\\\/uploads\\\/2024\\\/02\\\/cropped-Bild_2024-02-02_195138182.png\",\"contentUrl\":\"https:\\\/\\\/professionalarts.ch\\\/wp-content\\\/uploads\\\/2024\\\/02\\\/cropped-Bild_2024-02-02_195138182.png\",\"width\":512,\"height\":512,\"caption\":\"PROFESSIONAL ART\"},\"image\":{\"@id\":\"https:\\\/\\\/professionalarts.ch\\\/#\\\/schema\\\/logo\\\/image\\\/\"},\"sameAs\":[\"https:\\\/\\\/www.instagram.com\\\/professional_art_s\"]}]}<\/script>\n<!-- \/ Yoast SEO plugin. -->","yoast_head_json":{"title":"Aquafacial - PROFESSIONAL ART","robots":{"index":"index","follow":"follow","max-snippet":"max-snippet:-1","max-image-preview":"max-image-preview:large","max-video-preview":"max-video-preview:-1"},"canonical":"https:\/\/professionalarts.ch\/?page_id=101","og_locale":"de_DE","og_type":"article","og_title":"Aquafacial - PROFESSIONAL ART","og_description":"https:\/\/professionalarts.ch\/wp-content\/uploads\/2024\/08\/Video.mov Jetzt Termin vereinbaren Preise","og_url":"https:\/\/professionalarts.ch\/?page_id=101","og_site_name":"PROFESSIONAL ART","article_modified_time":"2025-04-12T14:12:30+00:00","og_image":[{"width":1170,"height":871,"url":"https:\/\/professionalarts.ch\/wp-content\/uploads\/2024\/02\/Liege.jpeg","type":"image\/jpeg"}],"twitter_card":"summary_large_image","twitter_misc":{"Gesch\u00e4tzte Lesezeit":"2\u00a0Minuten"},"schema":{"@context":"https:\/\/schema.org","@graph":[{"@type":"WebPage","@id":"https:\/\/professionalarts.ch\/?page_id=101","url":"https:\/\/professionalarts.ch\/?page_id=101","name":"Aquafacial - PROFESSIONAL ART","isPartOf":{"@id":"https:\/\/professionalarts.ch\/#website"},"primaryImageOfPage":{"@id":"https:\/\/professionalarts.ch\/?page_id=101#primaryimage"},"image":{"@id":"https:\/\/professionalarts.ch\/?page_id=101#primaryimage"},"thumbnailUrl":"https:\/\/professionalarts.ch\/wp-content\/uploads\/2024\/02\/Liege.jpeg","datePublished":"2024-02-02T21:13:59+00:00","dateModified":"2025-04-12T14:12:30+00:00","breadcrumb":{"@id":"https:\/\/professionalarts.ch\/?page_id=101#breadcrumb"},"inLanguage":"de","potentialAction":[{"@type":"ReadAction","target":["https:\/\/professionalarts.ch\/?page_id=101"]}]},{"@type":"ImageObject","inLanguage":"de","@id":"https:\/\/professionalarts.ch\/?page_id=101#primaryimage","url":"https:\/\/professionalarts.ch\/wp-content\/uploads\/2024\/02\/Liege.jpeg","contentUrl":"https:\/\/professionalarts.ch\/wp-content\/uploads\/2024\/02\/Liege.jpeg","width":1170,"height":871},{"@type":"BreadcrumbList","@id":"https:\/\/professionalarts.ch\/?page_id=101#breadcrumb","itemListElement":[{"@type":"ListItem","position":1,"name":"Startseite","item":"https:\/\/professionalarts.ch\/"},{"@type":"ListItem","position":2,"name":"Aquafacial"}]},{"@type":"WebSite","@id":"https:\/\/professionalarts.ch\/#website","url":"https:\/\/professionalarts.ch\/","name":"PROFESSIONAL ART","description":"NAILS, LASHES AND MORE","publisher":{"@id":"https:\/\/professionalarts.ch\/#organization"},"potentialAction":[{"@type":"SearchAction","target":{"@type":"EntryPoint","urlTemplate":"https:\/\/professionalarts.ch\/?s={search_term_string}"},"query-input":{"@type":"PropertyValueSpecification","valueRequired":true,"valueName":"search_term_string"}}],"inLanguage":"de"},{"@type":"Organization","@id":"https:\/\/professionalarts.ch\/#organization","name":"PROFESSIONAL ART","url":"https:\/\/professionalarts.ch\/","logo":{"@type":"ImageObject","inLanguage":"de","@id":"https:\/\/professionalarts.ch\/#\/schema\/logo\/image\/","url":"https:\/\/professionalarts.ch\/wp-content\/uploads\/2024\/02\/cropped-Bild_2024-02-02_195138182.png","contentUrl":"https:\/\/professionalarts.ch\/wp-content\/uploads\/2024\/02\/cropped-Bild_2024-02-02_195138182.png","width":512,"height":512,"caption":"PROFESSIONAL ART"},"image":{"@id":"https:\/\/professionalarts.ch\/#\/schema\/logo\/image\/"},"sameAs":["https:\/\/www.instagram.com\/professional_art_s"]}]}},"_links":{"self":[{"href":"https:\/\/professionalarts.ch\/index.php?rest_route=\/wp\/v2\/pages\/101","targetHints":{"allow":["GET"]}}],"collection":[{"href":"https:\/\/professionalarts.ch\/index.php?rest_route=\/wp\/v2\/pages"}],"about":[{"href":"https:\/\/professionalarts.ch\/index.php?rest_route=\/wp\/v2\/types\/page"}],"author":[{"embeddable":true,"href":"https:\/\/professionalarts.ch\/index.php?rest_route=\/wp\/v2\/users\/1"}],"replies":[{"embeddable":true,"href":"https:\/\/professionalarts.ch\/index.php?rest_route=%2Fwp%2Fv2%2Fcomments&post=101"}],"version-history":[{"count":28,"href":"https:\/\/professionalarts.ch\/index.php?rest_route=\/wp\/v2\/pages\/101\/revisions"}],"predecessor-version":[{"id":221,"href":"https:\/\/professionalarts.ch\/index.php?rest_route=\/wp\/v2\/pages\/101\/revisions\/221"}],"wp:featuredmedia":[{"embeddable":true,"href":"https:\/\/professionalarts.ch\/index.php?rest_route=\/wp\/v2\/media\/112"}],"wp:attachment":[{"href":"https:\/\/professionalarts.ch\/index.php?rest_route=%2Fwp%2Fv2%2Fmedia&parent=101"}],"curies":[{"name":"wp","href":"https:\/\/api.w.org\/{rel}","templated":true}]}}